{"id":1485,"date":"2024-06-06T11:59:43","date_gmt":"2024-06-06T11:59:43","guid":{"rendered":"https:\/\/lity.pt\/?page_id=1485"},"modified":"2024-06-06T12:18:12","modified_gmt":"2024-06-06T12:18:12","slug":"our-knowledge","status":"publish","type":"page","link":"https:\/\/lity.pt\/pt\/our-knowledge\/","title":{"rendered":"O nosso conhecimento"},"content":{"rendered":"<div data-elementor-type=\"wp-page\" data-elementor-id=\"1485\" class=\"elementor elementor-1485\" data-elementor-settings=\"{&quot;ha_cmc_init_switcher&quot;:&quot;no&quot;}\" data-elementor-post-type=\"page\">\n\t\t\t\t<div class=\"has_ae_slider elementor-element elementor-element-d628e30 e-flex e-con-boxed ae-bg-gallery-type-default e-con e-parent\" data-id=\"d628e30\" data-element_type=\"container\" data-e-type=\"container\" data-settings=\"{&quot;background_background&quot;:&quot;classic&quot;}\">\n\t\t\t\t\t<div class=\"e-con-inner\">\n\t\t<div class=\"has_ae_slider elementor-element elementor-element-8ab7bec e-con-full e-flex ae-bg-gallery-type-default e-con e-child\" data-id=\"8ab7bec\" data-element_type=\"container\" data-e-type=\"container\">\n\t\t\t\t<div class=\"elementor-element elementor-element-80455db elementor-view-default elementor-invisible elementor-widget elementor-widget-icon\" data-id=\"80455db\" data-element_type=\"widget\" data-e-type=\"widget\" data-settings=\"{&quot;_animation&quot;:&quot;fadeInDown&quot;}\" data-widget_type=\"icon.default\">\n\t\t\t\t<div class=\"elementor-widget-container\">\n\t\t\t\t\t\t\t<div class=\"elementor-icon-wrapper\">\n\t\t\t<div class=\"elementor-icon\">\n\t\t\t<i aria-hidden=\"true\" class=\"hm hm-feather\"><\/i>\t\t\t<\/div>\n\t\t<\/div>\n\t\t\t\t\t\t<\/div>\n\t\t\t\t<\/div>\n\t\t\t\t<div class=\"elementor-element elementor-element-9409733 elementor-widget elementor-widget-heading\" data-id=\"9409733\" data-element_type=\"widget\" data-e-type=\"widget\" data-widget_type=\"heading.default\">\n\t\t\t\t<div class=\"elementor-widget-container\">\n\t\t\t\t\t<h1 class=\"elementor-heading-title elementor-size-default\">Tudo o que precisa saber sobre presen\u00e7a online<\/h1>\t\t\t\t<\/div>\n\t\t\t\t<\/div>\n\t\t\t\t<div class=\"elementor-element elementor-element-0e68103 elementor-widget elementor-widget-text-editor\" data-id=\"0e68103\" data-element_type=\"widget\" data-e-type=\"widget\" data-widget_type=\"text-editor.default\">\n\t\t\t\t<div class=\"elementor-widget-container\">\n\t\t\t\t\t\t\t\t\t<p>Navegar no cen\u00e1rio atual em constante mudan\u00e7a de sites, e-commerce, social media e marketing digital pode parecer cansativo, mas n\u00e3o se preocupe! A nossa cole\u00e7\u00e3o abrangente de informa\u00e7\u00f5es fornece as ferramentas e o conhecimento essenciais para se destacar no panorama online e criar uma pegada digital din\u00e2mica que gera resultados e aumenta o reconhecimento da sua marca. O que est\u00e1 \u00e0 espera? Mergulhe j\u00e1 nos nossos artigos e comece a construir a sua presen\u00e7a online com facilidade e confian\u00e7a!<\/p>\t\t\t\t\t\t\t\t<\/div>\n\t\t\t\t<\/div>\n\t\t\t\t<\/div>\n\t\t\t\t\t<\/div>\n\t\t\t\t<\/div>\n\t\t<div class=\"has_ae_slider elementor-element elementor-element-c40bfc5 e-flex e-con-boxed ae-bg-gallery-type-default e-con e-parent\" data-id=\"c40bfc5\" data-element_type=\"container\" data-e-type=\"container\" data-settings=\"{&quot;background_background&quot;:&quot;classic&quot;}\">\n\t\t\t\t\t<div class=\"e-con-inner\">\n\t\t\t\t<div class=\"elementor-element elementor-element-272841e elementor-grid-3 elementor-grid-tablet-2 elementor-grid-mobile-1 elementor-widget elementor-widget-portfolio\" data-id=\"272841e\" data-element_type=\"widget\" data-e-type=\"widget\" data-settings=\"{&quot;item_ratio&quot;:{&quot;unit&quot;:&quot;px&quot;,&quot;size&quot;:1,&quot;sizes&quot;:[]},&quot;row_gap&quot;:{&quot;unit&quot;:&quot;px&quot;,&quot;size&quot;:5,&quot;sizes&quot;:[]},&quot;columns&quot;:&quot;3&quot;,&quot;columns_tablet&quot;:&quot;2&quot;,&quot;columns_mobile&quot;:&quot;1&quot;,&quot;item_gap&quot;:{&quot;unit&quot;:&quot;px&quot;,&quot;size&quot;:&quot;&quot;,&quot;sizes&quot;:[]}}\" data-widget_type=\"portfolio.default\">\n\t\t\t\t<div class=\"elementor-widget-container\">\n\t\t\t\t\t\t\t<ul class=\"elementor-portfolio__filters\">\n\t\t\t<li class=\"elementor-portfolio__filter elementor-active\" tabindex=\"0\" data-filter=\"__all\">All<\/li>\n\t\t\t\t\t\t\t<li class=\"elementor-portfolio__filter\" tabindex=\"0\" data-filter=\"65\">Branding<\/li>\n\t\t\t\t\t\t\t<li class=\"elementor-portfolio__filter\" tabindex=\"0\" data-filter=\"56\">Business<\/li>\n\t\t\t\t\t\t\t<li class=\"elementor-portfolio__filter\" tabindex=\"0\" data-filter=\"66\">Hosting<\/li>\n\t\t\t\t\t\t\t<li class=\"elementor-portfolio__filter\" tabindex=\"0\" data-filter=\"55\">Trends<\/li>\n\t\t\t\t\t\t\t<li class=\"elementor-portfolio__filter\" tabindex=\"0\" data-filter=\"54\">Web Design<\/li>\n\t\t\t\t\t\t\t<li class=\"elementor-portfolio__filter\" tabindex=\"0\" data-filter=\"57\">e-commerce<\/li>\n\t\t\t\t\t\t\t<li class=\"elementor-portfolio__filter\" tabindex=\"0\" data-filter=\"60\">growth<\/li>\n\t\t\t\t\t\t\t<li class=\"elementor-portfolio__filter\" tabindex=\"0\" data-filter=\"61\">social media<\/li>\n\t\t\t\t\t<\/ul>\n\t\t\t\t<div class=\"elementor-portfolio elementor-grid elementor-posts-container\" role=\"list\">\n\t\t\t\t<article class=\"elementor-portfolio-item elementor-post elementor-filter-65 post-1498 post type-post status-publish format-standard has-post-thumbnail hentry category-blog tag-branding\" role=\"listitem\">\n\t\t\t<a class=\"elementor-post__thumbnail__link\" href=\"https:\/\/lity.pt\/pt\/achieving-brand-consistency-with-a-style-guide-aligning-values-and-mission\/\">\n\t\t\t\t<div class=\"elementor-portfolio-item__img elementor-post__thumbnail\">\n\t\t\t<img fetchpriority=\"high\" decoding=\"async\" width=\"768\" height=\"614\" src=\"https:\/\/lity.pt\/wp-content\/uploads\/2024\/06\/pexels-rifkyilhamrd-801816-768x614.jpg\" class=\"attachment-medium_large size-medium_large wp-image-1499\" alt=\"How to use a style guide to improve brand consistency\" srcset=\"https:\/\/lity.pt\/wp-content\/uploads\/2024\/06\/pexels-rifkyilhamrd-801816-768x614.jpg 768w, https:\/\/lity.pt\/wp-content\/uploads\/2024\/06\/pexels-rifkyilhamrd-801816-300x240.jpg 300w, https:\/\/lity.pt\/wp-content\/uploads\/2024\/06\/pexels-rifkyilhamrd-801816-1024x819.jpg 1024w, https:\/\/lity.pt\/wp-content\/uploads\/2024\/06\/pexels-rifkyilhamrd-801816-1536x1229.jpg 1536w, https:\/\/lity.pt\/wp-content\/uploads\/2024\/06\/pexels-rifkyilhamrd-801816-15x12.jpg 15w, https:\/\/lity.pt\/wp-content\/uploads\/2024\/06\/pexels-rifkyilhamrd-801816-600x480.jpg 600w, https:\/\/lity.pt\/wp-content\/uploads\/2024\/06\/pexels-rifkyilhamrd-801816.jpg 1920w\" sizes=\"(max-width: 768px) 100vw, 768px\" \/>\t\t<\/div>\n\t\t\t\t<div class=\"elementor-portfolio-item__overlay\">\n\t\t\t\t<h3 class=\"elementor-portfolio-item__title\">\n\t\tCONSIST\u00caNCIA DE MARCA: POR QUE \u00c9 IMPORTANTE PARA CONSTRUIR CONFIAN\u00c7A\t\t<\/h3>\n\t\t\t\t<\/div>\n\t\t\t\t<\/a>\n\t\t<\/article>\n\t\t\t\t<article class=\"elementor-portfolio-item elementor-post elementor-filter-66 post-1170 post type-post status-publish format-standard has-post-thumbnail hentry category-blog tag-hosting\" role=\"listitem\">\n\t\t\t<a class=\"elementor-post__thumbnail__link\" href=\"https:\/\/lity.pt\/pt\/top-5-web-hosting-services-2023\/\">\n\t\t\t\t<div class=\"elementor-portfolio-item__img elementor-post__thumbnail\">\n\t\t\t<img decoding=\"async\" width=\"768\" height=\"513\" src=\"https:\/\/lity.pt\/wp-content\/uploads\/2023\/10\/pexels-photo-1181316-768x513.jpeg\" class=\"attachment-medium_large size-medium_large wp-image-1171\" alt=\"engineer holding laptop\" srcset=\"https:\/\/lity.pt\/wp-content\/uploads\/2023\/10\/pexels-photo-1181316-768x513.jpeg 768w, https:\/\/lity.pt\/wp-content\/uploads\/2023\/10\/pexels-photo-1181316-300x200.jpeg 300w, https:\/\/lity.pt\/wp-content\/uploads\/2023\/10\/pexels-photo-1181316-1024x684.jpeg 1024w, https:\/\/lity.pt\/wp-content\/uploads\/2023\/10\/pexels-photo-1181316-1536x1025.jpeg 1536w, https:\/\/lity.pt\/wp-content\/uploads\/2023\/10\/pexels-photo-1181316-18x12.jpeg 18w, https:\/\/lity.pt\/wp-content\/uploads\/2023\/10\/pexels-photo-1181316-1320x881.jpeg 1320w, https:\/\/lity.pt\/wp-content\/uploads\/2023\/10\/pexels-photo-1181316.jpeg 1880w\" sizes=\"(max-width: 768px) 100vw, 768px\" \/>\t\t<\/div>\n\t\t\t\t<div class=\"elementor-portfolio-item__overlay\">\n\t\t\t\t<h3 class=\"elementor-portfolio-item__title\">\n\t\tMelhores servi\u00e7os de alojamento \u2013 N\u00f3s verific\u00e1mos, para que n\u00e3o tenha de o fazer!\t\t<\/h3>\n\t\t\t\t<\/div>\n\t\t\t\t<\/a>\n\t\t<\/article>\n\t\t\t\t<article class=\"elementor-portfolio-item elementor-post elementor-filter-57 elementor-filter-55 elementor-filter-54 post-938 post type-post status-publish format-standard has-post-thumbnail hentry category-blog tag-e-commerce tag-trends tag-web-design\" role=\"listitem\">\n\t\t\t<a class=\"elementor-post__thumbnail__link\" href=\"https:\/\/lity.pt\/pt\/top-website-design-trends-for-2024\/\">\n\t\t\t\t<div class=\"elementor-portfolio-item__img elementor-post__thumbnail\">\n\t\t\t<img decoding=\"async\" width=\"768\" height=\"512\" src=\"https:\/\/lity.pt\/wp-content\/uploads\/2023\/09\/pexels-photo-633409-768x512.jpeg\" class=\"attachment-medium_large size-medium_large wp-image-940\" alt=\"Website design lity\" srcset=\"https:\/\/lity.pt\/wp-content\/uploads\/2023\/09\/pexels-photo-633409-768x512.jpeg 768w, https:\/\/lity.pt\/wp-content\/uploads\/2023\/09\/pexels-photo-633409-300x200.jpeg 300w, https:\/\/lity.pt\/wp-content\/uploads\/2023\/09\/pexels-photo-633409-1024x682.jpeg 1024w, https:\/\/lity.pt\/wp-content\/uploads\/2023\/09\/pexels-photo-633409-1536x1024.jpeg 1536w, https:\/\/lity.pt\/wp-content\/uploads\/2023\/09\/pexels-photo-633409-18x12.jpeg 18w, https:\/\/lity.pt\/wp-content\/uploads\/2023\/09\/pexels-photo-633409-1320x880.jpeg 1320w, https:\/\/lity.pt\/wp-content\/uploads\/2023\/09\/pexels-photo-633409-600x400.jpeg 600w, https:\/\/lity.pt\/wp-content\/uploads\/2023\/09\/pexels-photo-633409.jpeg 1880w\" sizes=\"(max-width: 768px) 100vw, 768px\" \/>\t\t<\/div>\n\t\t\t\t<div class=\"elementor-portfolio-item__overlay\">\n\t\t\t\t<h3 class=\"elementor-portfolio-item__title\">\n\t\tPrincipais tend\u00eancias de design de sites para 2024\t\t<\/h3>\n\t\t\t\t<\/div>\n\t\t\t\t<\/a>\n\t\t<\/article>\n\t\t\t\t<article class=\"elementor-portfolio-item elementor-post elementor-filter-60 elementor-filter-61 post-920 post type-post status-publish format-standard has-post-thumbnail hentry category-blog tag-growth tag-social-media\" role=\"listitem\">\n\t\t\t<a class=\"elementor-post__thumbnail__link\" href=\"https:\/\/lity.pt\/pt\/social-media-for-business-growth\/\">\n\t\t\t\t<div class=\"elementor-portfolio-item__img elementor-post__thumbnail\">\n\t\t\t<img loading=\"lazy\" decoding=\"async\" width=\"768\" height=\"608\" src=\"https:\/\/lity.pt\/wp-content\/uploads\/2023\/09\/pexels-photo-2818118-768x608.jpeg\" class=\"attachment-medium_large size-medium_large wp-image-929\" alt=\"photo of hand holding a black smartphone\" srcset=\"https:\/\/lity.pt\/wp-content\/uploads\/2023\/09\/pexels-photo-2818118-768x608.jpeg 768w, https:\/\/lity.pt\/wp-content\/uploads\/2023\/09\/pexels-photo-2818118-300x238.jpeg 300w, https:\/\/lity.pt\/wp-content\/uploads\/2023\/09\/pexels-photo-2818118-1024x811.jpeg 1024w, https:\/\/lity.pt\/wp-content\/uploads\/2023\/09\/pexels-photo-2818118-1536x1217.jpeg 1536w, https:\/\/lity.pt\/wp-content\/uploads\/2023\/09\/pexels-photo-2818118-15x12.jpeg 15w, https:\/\/lity.pt\/wp-content\/uploads\/2023\/09\/pexels-photo-2818118-1320x1046.jpeg 1320w, https:\/\/lity.pt\/wp-content\/uploads\/2023\/09\/pexels-photo-2818118-600x475.jpeg 600w, https:\/\/lity.pt\/wp-content\/uploads\/2023\/09\/pexels-photo-2818118.jpeg 1641w\" sizes=\"(max-width: 768px) 100vw, 768px\" \/>\t\t<\/div>\n\t\t\t\t<div class=\"elementor-portfolio-item__overlay\">\n\t\t\t\t<h3 class=\"elementor-portfolio-item__title\">\n\t\tPorque \u00e9 que a Social Media \u00e9 crucial para o crescimento do seu neg\u00f3cio\t\t<\/h3>\n\t\t\t\t<\/div>\n\t\t\t\t<\/a>\n\t\t<\/article>\n\t\t\t\t<article class=\"elementor-portfolio-item elementor-post elementor-filter-56 elementor-filter-57 post-912 post type-post status-publish format-standard has-post-thumbnail hentry category-blog tag-business tag-e-commerce\" role=\"listitem\">\n\t\t\t<a class=\"elementor-post__thumbnail__link\" href=\"https:\/\/lity.pt\/pt\/custom-built-webstore-advantages\/\">\n\t\t\t\t<div class=\"elementor-portfolio-item__img elementor-post__thumbnail\">\n\t\t\t<img loading=\"lazy\" decoding=\"async\" width=\"768\" height=\"512\" src=\"https:\/\/lity.pt\/wp-content\/uploads\/2023\/09\/pexels-photo-4968391-768x512.jpeg\" class=\"attachment-medium_large size-medium_large wp-image-918\" alt=\"person using a macbook and holding a credit card\" srcset=\"https:\/\/lity.pt\/wp-content\/uploads\/2023\/09\/pexels-photo-4968391-768x512.jpeg 768w, https:\/\/lity.pt\/wp-content\/uploads\/2023\/09\/pexels-photo-4968391-300x200.jpeg 300w, https:\/\/lity.pt\/wp-content\/uploads\/2023\/09\/pexels-photo-4968391-1024x682.jpeg 1024w, https:\/\/lity.pt\/wp-content\/uploads\/2023\/09\/pexels-photo-4968391-1536x1024.jpeg 1536w, https:\/\/lity.pt\/wp-content\/uploads\/2023\/09\/pexels-photo-4968391-18x12.jpeg 18w, https:\/\/lity.pt\/wp-content\/uploads\/2023\/09\/pexels-photo-4968391-1320x880.jpeg 1320w, https:\/\/lity.pt\/wp-content\/uploads\/2023\/09\/pexels-photo-4968391-600x400.jpeg 600w, https:\/\/lity.pt\/wp-content\/uploads\/2023\/09\/pexels-photo-4968391.jpeg 1880w\" sizes=\"(max-width: 768px) 100vw, 768px\" \/>\t\t<\/div>\n\t\t\t\t<div class=\"elementor-portfolio-item__overlay\">\n\t\t\t\t<h3 class=\"elementor-portfolio-item__title\">\n\t\tPorque \u00e9 que uma loja virtual personalizada \u00e9 melhor do que um modelo pr\u00e9-feito\t\t<\/h3>\n\t\t\t\t<\/div>\n\t\t\t\t<\/a>\n\t\t<\/article>\n\t\t\t\t<article class=\"elementor-portfolio-item elementor-post elementor-filter-56 elementor-filter-54 post-909 post type-post status-publish format-standard has-post-thumbnail hentry category-blog tag-business tag-web-design\" role=\"listitem\">\n\t\t\t<a class=\"elementor-post__thumbnail__link\" href=\"https:\/\/lity.pt\/pt\/importance-of-professional-web-design\/\">\n\t\t\t\t<div class=\"elementor-portfolio-item__img elementor-post__thumbnail\">\n\t\t\t<img loading=\"lazy\" decoding=\"async\" width=\"768\" height=\"513\" src=\"https:\/\/lity.pt\/wp-content\/uploads\/2023\/09\/pexels-photo-7989027-768x513.jpeg\" class=\"attachment-medium_large size-medium_large wp-image-910\" alt=\"man in black crew neck t shirt using macbook air\" srcset=\"https:\/\/lity.pt\/wp-content\/uploads\/2023\/09\/pexels-photo-7989027-768x513.jpeg 768w, https:\/\/lity.pt\/wp-content\/uploads\/2023\/09\/pexels-photo-7989027-300x200.jpeg 300w, https:\/\/lity.pt\/wp-content\/uploads\/2023\/09\/pexels-photo-7989027-1024x684.jpeg 1024w, https:\/\/lity.pt\/wp-content\/uploads\/2023\/09\/pexels-photo-7989027-1536x1025.jpeg 1536w, https:\/\/lity.pt\/wp-content\/uploads\/2023\/09\/pexels-photo-7989027-18x12.jpeg 18w, https:\/\/lity.pt\/wp-content\/uploads\/2023\/09\/pexels-photo-7989027-1320x881.jpeg 1320w, https:\/\/lity.pt\/wp-content\/uploads\/2023\/09\/pexels-photo-7989027-600x401.jpeg 600w, https:\/\/lity.pt\/wp-content\/uploads\/2023\/09\/pexels-photo-7989027.jpeg 1880w\" sizes=\"(max-width: 768px) 100vw, 768px\" \/>\t\t<\/div>\n\t\t\t\t<div class=\"elementor-portfolio-item__overlay\">\n\t\t\t\t<h3 class=\"elementor-portfolio-item__title\">\n\t\tPorque um Website Profissionalmente Desenvolvido \u00e9 Importante para o seu Neg\u00f3cio\t\t<\/h3>\n\t\t\t\t<\/div>\n\t\t\t\t<\/a>\n\t\t<\/article>\n\t\t\t\t<article class=\"elementor-portfolio-item elementor-post elementor-filter-55 post-895 post type-post status-publish format-standard has-post-thumbnail hentry category-blog tag-trends\" role=\"listitem\">\n\t\t\t<a class=\"elementor-post__thumbnail__link\" href=\"https:\/\/lity.pt\/pt\/design-trends-202\/\">\n\t\t\t\t<div class=\"elementor-portfolio-item__img elementor-post__thumbnail\">\n\t\t\t<img loading=\"lazy\" decoding=\"async\" width=\"768\" height=\"512\" src=\"https:\/\/lity.pt\/wp-content\/uploads\/2023\/09\/pexels-photo-11813187-768x512.jpeg\" class=\"attachment-medium_large size-medium_large wp-image-908\" alt=\"close up shot of an ipad\" srcset=\"https:\/\/lity.pt\/wp-content\/uploads\/2023\/09\/pexels-photo-11813187-768x512.jpeg 768w, https:\/\/lity.pt\/wp-content\/uploads\/2023\/09\/pexels-photo-11813187-300x200.jpeg 300w, https:\/\/lity.pt\/wp-content\/uploads\/2023\/09\/pexels-photo-11813187-1024x682.jpeg 1024w, https:\/\/lity.pt\/wp-content\/uploads\/2023\/09\/pexels-photo-11813187-1536x1024.jpeg 1536w, https:\/\/lity.pt\/wp-content\/uploads\/2023\/09\/pexels-photo-11813187-18x12.jpeg 18w, https:\/\/lity.pt\/wp-content\/uploads\/2023\/09\/pexels-photo-11813187-1320x880.jpeg 1320w, https:\/\/lity.pt\/wp-content\/uploads\/2023\/09\/pexels-photo-11813187-600x400.jpeg 600w, https:\/\/lity.pt\/wp-content\/uploads\/2023\/09\/pexels-photo-11813187.jpeg 1880w\" sizes=\"(max-width: 768px) 100vw, 768px\" \/>\t\t<\/div>\n\t\t\t\t<div class=\"elementor-portfolio-item__overlay\">\n\t\t\t\t<h3 class=\"elementor-portfolio-item__title\">\n\t\tPrincipais tend\u00eancias de design de websites para 2023: inova\u00e7\u00f5es que impulsionam o futuro do web design\t\t<\/h3>\n\t\t\t\t<\/div>\n\t\t\t\t<\/a>\n\t\t<\/article>\n\t\t\t\t<\/div>\n\t\t\t\t\t\t<\/div>\n\t\t\t\t<\/div>\n\t\t\t\t\t<\/div>\n\t\t\t\t<\/div>\n\t\t\t\t<\/div>","protected":false},"excerpt":{"rendered":"<p>All you need to know about online presence Navigating the ever-changing landscape of websites, e-commerce, social media and digital marketing can feel overwhelming, but don&#8217;t worry! Our comprehensive collection of information equips you with the essential tools and knowledge to excel at online engagement and create a dynamic digital footprint that generates results and boosts [&hellip;]<\/p>\n","protected":false},"author":1,"featured_media":0,"parent":0,"menu_order":0,"comment_status":"closed","ping_status":"closed","template":"","meta":{"_acf_changed":false,"footnotes":""},"class_list":["post-1485","page","type-page","status-publish","hentry"],"acf":[],"_links":{"self":[{"href":"https:\/\/lity.pt\/pt\/wp-json\/wp\/v2\/pages\/1485","targetHints":{"allow":["GET"]}}],"collection":[{"href":"https:\/\/lity.pt\/pt\/wp-json\/wp\/v2\/pages"}],"about":[{"href":"https:\/\/lity.pt\/pt\/wp-json\/wp\/v2\/types\/page"}],"author":[{"embeddable":true,"href":"https:\/\/lity.pt\/pt\/wp-json\/wp\/v2\/users\/1"}],"replies":[{"embeddable":true,"href":"https:\/\/lity.pt\/pt\/wp-json\/wp\/v2\/comments?post=1485"}],"version-history":[{"count":7,"href":"https:\/\/lity.pt\/pt\/wp-json\/wp\/v2\/pages\/1485\/revisions"}],"predecessor-version":[{"id":1497,"href":"https:\/\/lity.pt\/pt\/wp-json\/wp\/v2\/pages\/1485\/revisions\/1497"}],"wp:attachment":[{"href":"https:\/\/lity.pt\/pt\/wp-json\/wp\/v2\/media?parent=1485"}],"curies":[{"name":"wp","href":"https:\/\/api.w.org\/{rel}","templated":true}]}}