{"id":397,"date":"2023-07-02T15:16:11","date_gmt":"2023-07-02T15:16:11","guid":{"rendered":"https:\/\/lity.pt\/?page_id=397"},"modified":"2024-04-15T12:13:22","modified_gmt":"2024-04-15T12:13:22","slug":"cookie-policy","status":"publish","type":"page","link":"https:\/\/lity.pt\/pt\/cookie-policy\/","title":{"rendered":"Pol\u00edtica de Cookies"},"content":{"rendered":"<style>\n    a.cky-banner-element {\n        padding: 8px 30px;\n        background: #F8F9FA;\n        color: #858A8F;\n        border: 1px solid #DEE2E6;\n        box-sizing: border-box;\n        border-radius: 2px;\n        cursor: pointer;\n}\nh3{\n    font-size: 20px !important;\n    font-weight: 500 !important;\n}\n<\/style>\n\n<p>\n    Data de vig\u00eancia: 02 de julho de 2023 <br>\n    \u00daltima atualiza\u00e7\u00e3o: 02 de julho de 2023\n<\/p>\n\n&nbsp;\n<p><b>O que s\u00e3o cookies?<\/b><\/p>\n<div class=\"cookie-policy-p\"><p>Esta Pol\u00edtica de Cookies explica o que s\u00e3o cookies e como os utilizamos, os tipos de cookies que utilizamos, ou seja, as informa\u00e7\u00f5es que recolhemos atrav\u00e9s de cookies e como essas informa\u00e7\u00f5es s\u00e3o utilizadas, e como gerir as configura\u00e7\u00f5es de cookies.<\/p> <p>Cookies s\u00e3o pequenos arquivos de texto usados para armazenar pequenas informa\u00e7\u00f5es. Eles s\u00e3o armazenados no seu dispositivo quando o site \u00e9 carregado no seu navegador. Estes cookies ajudam-nos a fazer com que o site funcione corretamente, torn\u00e1-lo mais seguro, proporcionar uma melhor experi\u00eancia ao utilizador e compreender o desempenho do site e analisar o que funciona e onde precisa de ser melhorado.<\/p><\/div>\n\n&nbsp;\n<p><b>Como usamos cookies?<\/b><\/p>\n<div class=\"cookie-policy-p\"><p>Tal como a maioria dos servi\u00e7os online, o nosso site utiliza cookies pr\u00f3prios e de terceiros para diversos fins. Os cookies prim\u00e1rios s\u00e3o principalmente necess\u00e1rios para que o site funcione corretamente e n\u00e3o coletam nenhum dos seus dados de identifica\u00e7\u00e3o pessoal.<\/p> <p>Os cookies de terceiros usados no nosso site s\u00e3o principalmente para entender o desempenho do site, como voc\u00ea interage com o nosso site, manter os nossos servi\u00e7os seguros, fornecer an\u00fancios que sejam relevantes para voc\u00ea e, em suma, fornecer-lhe um utilizador melhor e melhorado. Experi\u00eancia e ajudar a acelerar as suas futuras intera\u00e7\u00f5es com o nosso site.<\/p><\/div>\n\n&nbsp;\n    <p><b>Tipos de Cookies que utilizamos<\/b><\/p>\n\n    <div class=\"cky-audit-table-element\"><\/div>\n\n&nbsp;\n    <p style=\"margin-bottom:20px;\">Gerir prefer\u00eancias de cookies<\/b><\/p>\n\n    <a class=\"cky-banner-element\">Configura\u00e7\u00f5es de cookies<\/a> <br\/><br><br>\n\n    <div><p>Pode alterar as suas prefer\u00eancias de cookies a qualquer momento clicando no bot\u00e3o acima. Isso permitir\u00e1 que voc\u00ea revisite o banner de consentimento de cookies e altere as suas prefer\u00eancias ou retire o seu consentimento imediatamente. <\/p> <p>Al\u00e9m disso, diferentes navegadores oferecem diferentes m\u00e9todos para bloquear e excluir cookies usados por sites. Voc\u00ea pode alterar as configura\u00e7\u00f5es do seu navegador para bloquear\/excluir os cookies. Listados abaixo est\u00e3o os links para os documentos de suporte sobre como gerir e excluir cookies dos principais navegadores da web.<\/p> <p>Chrome: <a href=\"https:\/\/support.google.com\/accounts\/answer\/32050\" target=\"_blank\" rel=\"noopener\">https:\/\/support.google.com\/accounts\/answer\/32050<\/a><\/p><p>Safari: <a href=\"https:\/\/support.apple.com\/en-in\/guide\/safari\/sfri11471\/mac\" target=\"_blank\" rel=\"noopener\">https:\/\/support.apple.com\/en-in\/guide\/safari\/sfri11471\/mac<\/a><\/p><p>Firefox: <a href=\"https:\/\/support.mozilla.org\/en-US\/kb\/clear-cookies-and-site-data-firefox?redirectslug=delete-cookies-remove-info-websites-stored&#038;redirectlocale=en-US\" target=\"_blank\" rel=\"noopener\">https:\/\/support.mozilla.org\/en-US\/kb\/clear-cookies-and-site-data-firefox?redirectslug=delete-cookies-remove-info-websites-stored&#038;redirectlocale=en-US<\/a><\/p><p>Internet Explorer: <a href=\"https:\/\/support.microsoft.com\/en-us\/topic\/how-to-delete-cookie-files-in-internet-explorer-bca9446f-d873-78de-77ba-d42645fa52fc\" target=\"_blank\" rel=\"noopener\">https:\/\/support.microsoft.com\/en-us\/topic\/how-to-delete-cookie-files-in-internet-explorer-bca9446f-d873-78de-77ba-d42645fa52fc<\/a><\/p><p>Se estiver a usar qualquer outro navegador da web, visite os documentos oficiais de suporte do seu navegador.<\/p><\/div>","protected":false},"excerpt":{"rendered":"<p>Effective Date: 02-Jul-2023 Last Updated: 02-Jul-2023 &nbsp; What are cookies? This Cookie Policy explains what cookies are and how we use them, the types of cookies we use i.e, the information we collect using cookies and how that information is used, and how to manage the cookie settings. Cookies are small text files that are [&hellip;]<\/p>\n","protected":false},"author":1,"featured_media":492,"parent":0,"menu_order":0,"comment_status":"closed","ping_status":"closed","template":"","meta":{"_acf_changed":false,"footnotes":""},"class_list":["post-397","page","type-page","status-publish","has-post-thumbnail","hentry"],"acf":[],"_links":{"self":[{"href":"https:\/\/lity.pt\/pt\/wp-json\/wp\/v2\/pages\/397","targetHints":{"allow":["GET"]}}],"collection":[{"href":"https:\/\/lity.pt\/pt\/wp-json\/wp\/v2\/pages"}],"about":[{"href":"https:\/\/lity.pt\/pt\/wp-json\/wp\/v2\/types\/page"}],"author":[{"embeddable":true,"href":"https:\/\/lity.pt\/pt\/wp-json\/wp\/v2\/users\/1"}],"replies":[{"embeddable":true,"href":"https:\/\/lity.pt\/pt\/wp-json\/wp\/v2\/comments?post=397"}],"version-history":[{"count":7,"href":"https:\/\/lity.pt\/pt\/wp-json\/wp\/v2\/pages\/397\/revisions"}],"predecessor-version":[{"id":1391,"href":"https:\/\/lity.pt\/pt\/wp-json\/wp\/v2\/pages\/397\/revisions\/1391"}],"wp:featuredmedia":[{"embeddable":true,"href":"https:\/\/lity.pt\/pt\/wp-json\/wp\/v2\/media\/492"}],"wp:attachment":[{"href":"https:\/\/lity.pt\/pt\/wp-json\/wp\/v2\/media?parent=397"}],"curies":[{"name":"wp","href":"https:\/\/api.w.org\/{rel}","templated":true}]}}